{"id":4153,"date":"2017-01-04T22:48:37","date_gmt":"2017-01-04T21:48:37","guid":{"rendered":"http:\/\/escoemdocs.com\/escoem3\/?page_id=4153"},"modified":"2022-06-11T12:23:48","modified_gmt":"2022-06-11T10:23:48","slug":"politica-de-privacidad","status":"publish","type":"page","link":"https:\/\/escoem-web2.winecta.com\/es\/politica-de-privacidad\/","title":{"rendered":"Pol\u00edtica de Privacidad"},"content":{"rendered":"<h1 style=\"text-align: justify;\"><strong><span style=\"color: #003b52;\">Pol\u00edtica de Privacidad<\/span><\/strong><\/h1>\n<p style=\"text-align: justify;\"><strong><span style=\"color: #003b52;\">1. Tratamiento de datos de Car\u00e1cter Personal<\/span><\/strong><\/p>\n<p style=\"text-align: justify;\">Los datos personales recogidos ser\u00e1n objeto de tratamiento por la entidad ESCOEM, S.L.P. (en adelante Escoem), con CIF B18207019 y domicilio en Granada, Calle Sederos, 2 (Bajo), 18005, en funci\u00f3n de los servicios contratados, como Responsable del Tratamiento. As\u00ed mismo, informamos que Escoem se ajusta a las condiciones que establece el Reglamento (UE) 2016\/679 del Parlamento Europeo y del Consejo, de 27 de abril de 2016.<\/p>\n<p style=\"text-align: justify;\">De acuerdo a la mencionada legislaci\u00f3n, Escoem ha nombrado un Delegado de Protecci\u00f3n de Datos. Por tanto, para cualquier cuesti\u00f3n en esta materia, el usuario\/cliente puede ponerse en contacto con el Delegado de Protecci\u00f3n de Datos de Escoem mediante correo electr\u00f3nico remitido a la siguiente direcci\u00f3n lopd@escoem.com<\/p>\n<p style=\"text-align: justify;\"><strong>1.1. Finalidad del tratamiento de los datos personales<\/strong><\/p>\n<p style=\"text-align: justify;\">Escoem, tratar\u00e1 los datos del usuario, de manera manual y\/o automatizada, para las siguientes finalidades:<\/p>\n<ul>\n<li style=\"text-align: justify;\">Atender y gestionar adecuadamente las solicitudes de presupuesto que nos hayan remitido los usuarios a trav\u00e9s de nuestros diferentes canales de comunicaci\u00f3n.<\/li>\n<li style=\"text-align: justify;\">Gestionar la contrataci\u00f3n de nuestros servicios profesionales, as\u00ed como la facturaci\u00f3n y env\u00edo correspondiente.<\/li>\n<li style=\"text-align: justify;\">Remitir peri\u00f3dicamente (a trav\u00e9s de correo electr\u00f3nico, v\u00eda postal y\/o SMS) comunicaciones, noticias e informes relacionados con las leyes de negocios y tributarias.<\/li>\n<li style=\"text-align: justify;\">Dar respuesta a las consultas y dudas planteadas en los distintos formularios de contacto.<\/li>\n<li style=\"text-align: justify;\">Gestionar adecuadamente los datos facilitados en los procesos de selecci\u00f3n de personal ofertados por la firma.<\/li>\n<li style=\"text-align: justify;\">Elaboraci\u00f3n de perfiles estad\u00edsticos an\u00f3nimos respecto de los datos facilitados.<\/li>\n<li style=\"text-align: justify;\">Gestionar adecuadamente la navegaci\u00f3n a trav\u00e9s del presente sitio web.<\/li>\n<li style=\"text-align: justify;\">An\u00e1lisis estad\u00edsticos de acuerdo a las visitas al sitio web y el comportamiento de los usuarios en la misma.<\/li>\n<li style=\"text-align: justify;\">Dar cumplimiento a las obligaciones legalmente establecidas.<\/li>\n<\/ul>\n<p><strong>1.2 Legitimaci\u00f3n<\/strong><\/p>\n<p style=\"text-align: justify;\">La legitimaci\u00f3n para el tratamiento de los datos del usuario por parte de Escoem para atender y gestionar adecuadamente las solicitudes se encuentra en el <strong>consentimiento<\/strong> del interesado de \u00e9stos, solicitado en cada caso.<\/p>\n<p style=\"text-align: justify;\">Por su parte, la gesti\u00f3n de la contrataci\u00f3n de servicios a trav\u00e9s de la Web, facturaci\u00f3n y env\u00edo correspondientes, est\u00e1 legitimada por la propia <strong>ejecuci\u00f3n del contrato<\/strong>.<\/p>\n<p style=\"text-align: justify;\">El tratamiento de los datos facilitados a trav\u00e9s del apartado \u00abContacto\u00bb, est\u00e1 legitimado por la propia <strong>resoluci\u00f3n de la consulta<\/strong> planteada por el usuario.<\/p>\n<p style=\"text-align: justify;\">El tratamiento de los datos con el fin de remitir boletines electr\u00f3nicos con noticias e informes relacionados con las leyes de negocios y tributarias, informaci\u00f3n comercial, la elaboraci\u00f3n de informes estad\u00edsticos an\u00f3nimos respecto a los datos facilitados para la prestaci\u00f3n de servicios contratados con Escoem, se basan en el <strong>inter\u00e9s leg\u00edtimo<\/strong> de la firma para llevar a cabo dichos tratamientos de acuerdo con la normativa vigente.<\/p>\n<p style=\"text-align: justify;\">Los consentimientos obtenidos para las finalidades mencionadas son independientes por lo que el usuario podr\u00e1 revocar uno o varios de ellos no afectando a los dem\u00e1s. Igualmente, Escoem podr\u00e1 utilizar la informaci\u00f3n del usuario para el cumplimiento de las diferentes obligaciones legales.<\/p>\n<p style=\"text-align: justify;\"><strong>1.3 Categor\u00eda de datos tratados<\/strong><\/p>\n<p style=\"text-align: justify;\">Escoem trata la siguiente categor\u00eda de datos:<\/p>\n<ul>\n<li style=\"text-align: justify;\"><strong>Identificativos:<\/strong> nombre, apellidos, direcci\u00f3n postal, direcci\u00f3n de correo electr\u00f3nico, c\u00f3digo postal, tel\u00e9fono, poblaci\u00f3n, etc..<\/li>\n<li style=\"text-align: justify;\"><strong>Datos laborales:<\/strong> documentos de reclutamiento y selecci\u00f3n, nombramiento, incidencia, capacitaci\u00f3n, actividades extracurriculares, referencias laborales, referencias personales, solicitud de empleo, hoja de servicio y dem\u00e1s an\u00e1logos.<\/li>\n<li style=\"text-align: justify;\"><strong>Datos acad\u00e9micos:<\/strong>\u00a0 trayectoria educativa, calificaciones, t\u00edtulos, c\u00e9dula profesional, certificados y reconocimientos y dem\u00e1s an\u00e1logos.<\/li>\n<li style=\"text-align: justify;\"><strong>Datos patrimoniales:<\/strong>\u00a0Los correspondientes a bienes muebles e inmuebles, informaci\u00f3n fiscal, historial crediticio, ingresos y egresos, cuentas bancarias, seguros, fianzas, servicios contratados, referencias personales y dem\u00e1s an\u00e1logo.<\/li>\n<li style=\"text-align: justify;\"><strong>Datos sobre procedimientos administrativos:<\/strong>\u00a0La informaci\u00f3n relativa a una persona f\u00edsica o jur\u00eddica que se encuentre sujeta a un procedimiento administrativo seguido en forma de juicio o jurisdiccional en materia laboral, civil, fiscal, administrativa o de cualquier otra rama del Derecho<\/li>\n<li style=\"text-align: justify;\"><strong>Datos sensibles:<\/strong>\u00a0origen \u00e9tnico o racial, caracter\u00edsticas morales o emocionales, ideolog\u00eda y opiniones pol\u00edticas, creencias, convicciones religiosas, filos\u00f3ficas, la pertenencia a sindicatos, la salud y preferencia sexual.<\/li>\n<li style=\"text-align: justify;\"><strong>Datos transaccionales:<\/strong> pagos, ingresos, transferencias, adeudos.<\/li>\n<\/ul>\n<p style=\"text-align: justify;\"><strong>1.4 Destinatarios principales<\/strong><\/p>\n<p style=\"text-align: justify;\">Sus datos personales podr\u00e1n ser comunicados por parte de Escoem a:<\/p>\n<ul>\n<li style=\"text-align: justify;\">Los profesionales de la firma, para que \u00e9stos puedan realizar correctamente la prestaci\u00f3n de los servicios contratados.<\/li>\n<li style=\"text-align: justify;\">Administraciones P\u00fablicas, fuerzas y cuerpos de seguridad en virtud de lo establecido en la normativa.<\/li>\n<li style=\"text-align: justify;\">Los bancos y entidades financieras para el cobro de los servicios ofrecidos.<\/li>\n<li style=\"text-align: justify;\">Prestadores de servicios para gestionar el tratamiento de los datos descritos en la presente pol\u00edtica de privacidad, de acuerdo con la normativa vigente en protecci\u00f3n de datos. Dichos proveedores no tratar\u00e1n sus datos para finalidades propias que no hayan sido previamente informadas por Escoem.<\/li>\n<\/ul>\n<p><strong>1.5 Plazo de conservaci\u00f3n<\/strong><\/p>\n<p style=\"text-align: justify;\">Sus datos se conservar\u00e1n durante un periodo no superior a cinco a\u00f1os o bien el tiempo que sea necesario para el\u00a0 desarrollo de las finalidades mencionadas, de acuerdo a los plazos de prescripci\u00f3n derivadas de la relaci\u00f3n jur\u00eddica que funda el tratamiento, en los t\u00e9rminos previsto por la legislaci\u00f3n civil, mercantil o tributaria que resulte de aplicaci\u00f3n.<\/p>\n<p style=\"text-align: justify;\">Los datos recabados para la formalizaci\u00f3n y ejecuci\u00f3n del contrato de prestaci\u00f3n de servicios ser\u00e1n conservados durante la relaci\u00f3n contractual, as\u00ed como durante el periodo necesario para la formulaci\u00f3n, ejercicio o defensa de reclamaciones, como m\u00ednimo cinco a\u00f1os.<\/p>\n<p style=\"text-align: justify;\">Los datos tratados para el env\u00edo de comunicaciones comerciales ser\u00e1n conservados hasta que el interesado no revoque el consentimiento y\/o ejercite sus derechos de oposici\u00f3n y\/o supresi\u00f3n.<\/p>\n<p style=\"text-align: justify;\"><strong><span style=\"color: #003b52;\">2. Comunicaciones comerciales<\/span><\/strong><\/p>\n<p style=\"text-align: justify;\">En alguno de los formularios electr\u00f3nicos se le solicitar\u00e1 su consentimiento expreso para poderle remitir comunicaciones comerciales por cualquier medio, incluido el correo electr\u00f3nico o medios de comunicaci\u00f3n electr\u00f3nica equivalentes, de conformidad con lo dispuesto en el art\u00edculo 21 LSSI.<\/p>\n<p style=\"text-align: justify;\"><strong><span style=\"color: #003b52;\">3. Medidas de seguridad<\/span><\/strong><\/p>\n<p style=\"text-align: justify;\">Escoem adopta los niveles de seguridad requeridos por el Real Decreto 1720\/2007 y el Reglamento General de Protecci\u00f3n de Datos (UE) 2016\/679, adecuados a la naturaleza de los datos que son objeto de tratamiento en cada momento. Escoem\u00a0tratar\u00e1 los datos de forma absolutamente confidencial y guardando el preceptivo deber de secreto respecto de los mismos, de conformidad con lo previsto en la normativa de aplicaci\u00f3n, adoptando al efecto las medidas de \u00edndole t\u00e9cnica y organizativas necesarias que garanticen la seguridad de sus datos y eviten su alteraci\u00f3n, p\u00e9rdida, tratamiento o acceso no autorizado, habida cuenta del estado de la tecnolog\u00eda, la naturaleza de los datos almacenados y los riesgos a que est\u00e1n expuestos. No obstante lo anterior, la seguridad t\u00e9cnica en un medio como Internet no es inexpugnable y pueden existir actuaciones dolosas de terceros, si bien Escoem pone todos los medios a su alcance para evitar dichas actuaciones.<\/p>\n<p style=\"text-align: justify;\"><strong><span style=\"color: #003b52;\">4. Pol\u00edtica de uso de Cookies<\/span><\/strong><\/p>\n<p style=\"text-align: justify;\">En cumplimiento de lo dispuesto en el art\u00edculo 22.2 LSSI, Escoem \u00fanicamente utilizar\u00e1 dispositivos de almacenamiento y recuperaci\u00f3n de datos (&#8216;Cookies&#8217;) cuando el usuario haya dado su consentimiento previo para ello de acuerdo con lo que se indica en la ventana emergente del navegador del usuario cuando accede por primera vez al Portal y en los dem\u00e1s t\u00e9rminos y condiciones que se indican en la Pol\u00edtica de Cookies de Escoem que todo usuario debe conocer.<\/p>\n<p style=\"text-align: justify;\"><span style=\"color: #003b52;\"><strong>5. Derechos ARCO-PO<\/strong><\/span><\/p>\n<p style=\"text-align: justify;\">El Usuario podr\u00e1 ejercer sus derechos de Acceso, Rectificaci\u00f3n, Cancelaci\u00f3n y Oposici\u00f3n (&#8216;Derechos ARCO&#8217;), Portabilidad y, en su caso al Olvido dirigi\u00e9ndose en los t\u00e9rminos legalmente previstos, debiendo para ello dirigir una comunicaci\u00f3n mediante correo postal al Dpto. de Protecci\u00f3n de Datos y Privacidad de Escoem ubicado en calle Sederos, 2, 18005, Granada, o enviando un mensaje de correo electr\u00f3nico a la siguiente direcci\u00f3n:\u00a0<a href=\"mailto:lopd@escoem.com\">lopd@escoem.com<\/a>, indicando en ambos casos su nombre, apellidos y copia de su documento acreditativo de identidad.<\/p>\n<p style=\"text-align: justify;\"><span style=\"color: #003b52;\"><strong>6. Cambios en la pol\u00edtica de privacidad<\/strong><\/span><\/p>\n<p style=\"text-align: justify;\">Escoem se reserva el derecho de modificar la presente Pol\u00edtica de Privacidad a fin de adaptarlas a las novedades legislativas que fueran aplicables al tratamiento. En dichos supuestos, anunciar\u00e1 en el Sitio Web los cambios introducidos con una antelaci\u00f3n razonable a la de su puesta en pr\u00e1ctica.<\/p>\n<p style=\"text-align: justify;\"><strong>\u00daltima actualizaci\u00f3n 23 de mayo de 2018<\/strong><\/p>\n","protected":false},"excerpt":{"rendered":"<p>Pol\u00edtica de Privacidad 1. Tratamiento de datos de Car\u00e1cter Personal Los datos personales recogidos ser\u00e1n objeto de tratamiento por la entidad ESCOEM, S.L.P. (en adelante Escoem), con CIF B18207019 y domicilio en Granada, Calle Sederos, 2 (Bajo), 18005, en funci\u00f3n<span class=\"excerpt-hellip\"> [\u2026]<\/span><\/p>\n","protected":false},"author":1,"featured_media":0,"parent":0,"menu_order":0,"comment_status":"closed","ping_status":"closed","template":"","meta":{"two_page_speed":[],"footnotes":""},"class_list":["post-4153","page","type-page","status-publish","hentry"],"aioseo_notices":[],"_links":{"self":[{"href":"https:\/\/escoem-web2.winecta.com\/es\/wp-json\/wp\/v2\/pages\/4153","targetHints":{"allow":["GET"]}}],"collection":[{"href":"https:\/\/escoem-web2.winecta.com\/es\/wp-json\/wp\/v2\/pages"}],"about":[{"href":"https:\/\/escoem-web2.winecta.com\/es\/wp-json\/wp\/v2\/types\/page"}],"author":[{"embeddable":true,"href":"https:\/\/escoem-web2.winecta.com\/es\/wp-json\/wp\/v2\/users\/1"}],"replies":[{"embeddable":true,"href":"https:\/\/escoem-web2.winecta.com\/es\/wp-json\/wp\/v2\/comments?post=4153"}],"version-history":[{"count":1,"href":"https:\/\/escoem-web2.winecta.com\/es\/wp-json\/wp\/v2\/pages\/4153\/revisions"}],"predecessor-version":[{"id":88115,"href":"https:\/\/escoem-web2.winecta.com\/es\/wp-json\/wp\/v2\/pages\/4153\/revisions\/88115"}],"wp:attachment":[{"href":"https:\/\/escoem-web2.winecta.com\/es\/wp-json\/wp\/v2\/media?parent=4153"}],"curies":[{"name":"wp","href":"https:\/\/api.w.org\/{rel}","templated":true}]}}