{"id":4151,"date":"2017-01-04T22:48:04","date_gmt":"2017-01-04T21:48:04","guid":{"rendered":"http:\/\/escoemdocs.com\/escoem3\/?page_id=4151"},"modified":"2022-06-11T12:25:13","modified_gmt":"2022-06-11T10:25:13","slug":"aviso-legal","status":"publish","type":"page","link":"https:\/\/escoem-web2.winecta.com\/es\/aviso-legal\/","title":{"rendered":"Aviso Legal"},"content":{"rendered":"<h1 style=\"text-align: justify;\"><strong><span style=\"color: #003b52;\">Aviso Legal<\/span><\/strong><\/h1>\n<p style=\"text-align: justify;\"><span style=\"color: #003b52;\"><strong>1. Informaci\u00f3n Legal y aceptaci\u00f3n<\/strong><\/span><\/p>\n<p style=\"text-align: justify;\">Las presentes disposiciones regulan el uso del servicio del portal de Internet (en adelante, el &#8216;Portal&#8217;) que ESCOEM, S.L.P. (en adelante, Escoem) pone a disposici\u00f3n de los usuarios de Internet.<\/p>\n<p style=\"text-align: justify;\">Escoem, con domicilio social en Calle Sederos, 2, 18005, Granada, Espa\u00f1a y C.I.F. B18207019, est\u00e1 inscrita en el Registro Mercantil de Granada, Tomo 481, Folio 99, Hoja GR-3441. Tel\u00e9fono 958 53 55 65, Fax 958 53 55 70, Email: informacion@escoem.com.<\/p>\n<p style=\"text-align: justify;\">El acceso a la p\u00e1gina web es gratuito salvo en lo relativo al coste de la conexi\u00f3n a trav\u00e9s de la red de telecomunicaciones suministrada por el proveedor de acceso contratado por los usuarios. Determinados servicios son exclusivos para nuestros clientes y su acceso se encuentra restringido. Los servicios jur\u00eddicos o fiscales que presta el Despacho con car\u00e1cter general tienen el precio que se indique en la correspondiente propuesta de servicios profesionales y en ning\u00fan caso se ofrecen o prestan a trav\u00e9s del servicio del Portal.<\/p>\n<p style=\"text-align: justify;\">La utilizaci\u00f3n del Portal atribuye la condici\u00f3n de usuario del Portal (en adelante, el &#8216;Usuario&#8217;) e implica la aceptaci\u00f3n de todas las condiciones incluidas en este Aviso Legal. La prestaci\u00f3n del servicio del Portal tiene una duraci\u00f3n limitada al momento en el que el Usuario se encuentre conectado al Portal o a alguno de los servicios que a trav\u00e9s del mismo se facilitan. Por tanto, el Usuario debe leer atentamente el presente Aviso Legal en cada una de las ocasiones en que se proponga utilizar el Portal, ya que \u00e9ste y sus condiciones de uso recogidas en el presente Aviso Legal pueden sufrir modificaciones.<\/p>\n<p style=\"text-align: justify;\">Algunos servicios del Portal accesibles para los usuarios de Internet o exclusivos para los clientes de Escoem, pueden estar sometidos a condiciones particulares, reglamentos e instrucciones que, en su caso, sustituyen, completan y\/o modifican el presente Aviso Legal y que deber\u00e1n ser aceptadas por el Usuario antes de iniciarse la prestaci\u00f3n del servicio correspondiente.<\/p>\n<p style=\"text-align: justify;\">Para dar cumplimiento a lo establecido en la Ley 34\/2002 de 11 de Julio, de Servicios de la Sociedad de la Informaci\u00f3n y de Comercio Electr\u00f3nico (LSSICE), el uso de la informaci\u00f3n del portal www.escoem.com implica la aceptaci\u00f3n de las siguientes condiciones de uso.<\/p>\n<p style=\"text-align: justify;\"><span style=\"color: #003b52;\"><strong>2. Utilizaci\u00f3n de la informaci\u00f3n contenida en el Portal<\/strong><\/span><\/p>\n<p style=\"text-align: justify;\">Escoem, facilita la consulta libre y gratuita de la informaci\u00f3n contenida en el Portal, permitiendo la copia y distribuci\u00f3n de p\u00e1ginas siempre que se citen la fuente y la fecha en la que se ha realizado la copia, no se manipulen ni alteren los contenidos, no se use directamente con fines comerciales y no se utilice por entidades con el mismo objeto social.<\/p>\n<p style=\"text-align: justify;\">Los textos que se ofrecen en el Portal tienen car\u00e1cter meramente informativo, es decir, carecen de validez jur\u00eddica. El acceso al Portal, as\u00ed como el uso que pueda hacerse de la informaci\u00f3n que contiene, son de la exclusiva responsabilidad del usuario. La firma Escoem no se responsabilizar\u00e1 de ninguna consecuencia, da\u00f1o o perjuicio que pudieran derivarse del mismo.<\/p>\n<p style=\"text-align: justify;\"><span style=\"color: #003b52;\"><strong>3. Calidad de la informaci\u00f3n<\/strong><\/span><\/p>\n<p style=\"text-align: justify;\">La firma Escoem utilizar\u00e1 todos los recursos disponibles a su alcance para evitar errores y, en su caso, repararlos o actualizarlos lo antes posible, no pudiendo garantizar su inexistencia ni que el contenido de la informaci\u00f3n se encuentre permanentemente actualizado.<\/p>\n<p style=\"text-align: justify;\"><span style=\"color: #003b52;\"><strong>4. Disponibilidad de la informaci\u00f3n<\/strong><\/span><\/p>\n<p style=\"text-align: justify;\">La firma Escoem no puede garantizar plenamente el funcionamiento de la red de comunicaciones y por tanto no asume responsabilidad alguna sobre la disponibilidad de su servidor. El servidor podr\u00e1 ser desconectado sin previo aviso. Se har\u00e1n todos los esfuerzos para que el impacto por tareas de mantenimiento sea el m\u00ednimo posible. No obstante, Escoem no se responsabiliza de ning\u00fan da\u00f1o o perjuicio sufrido por el usuario que se derive del acceso a este servidor o del uso de informaci\u00f3n o aplicaciones en \u00e9l contenidos.<\/p>\n<p style=\"text-align: justify;\"><span style=\"color: #003b52;\"><strong>5. Establecimientos de hiperenlaces<\/strong><\/span><\/p>\n<p style=\"text-align: justify;\">En el Portal se han incluido enlaces a p\u00e1ginas de sitios web de terceros (\u201clinks\u201d), la mayor parte a p\u00e1ginas de Internet de otras Administraciones P\u00fablicas, que se han considerado de inter\u00e9s para los usuarios. No obstante, Escoem no asume ninguna responsabilidad derivada de la conexi\u00f3n o contenidos de los enlaces de terceros a los que se hace referencia en el Portal.<\/p>\n<p style=\"text-align: justify;\"><span style=\"color: #003b52;\"><strong>5.1. Enlaces al portal<\/strong><\/span><\/p>\n<p style=\"text-align: justify;\">El usuario de Internet que quiera introducir enlaces desde sus propias p\u00e1ginas web al Portal deber\u00e1 cumplir con las condiciones que se detallan a continuaci\u00f3n sin que el desconocimiento de las mismas evite las responsabilidades derivadas de la Ley:<\/p>\n<ol style=\"list-style-type: lower-alpha;\">\n<li style=\"text-align: justify;\">El enlace \u00fanicamente vincular\u00e1 con la home page o p\u00e1gina principal del Portal pero no podr\u00e1 reproducirla de ninguna forma (inline links, copia de los textos, gr\u00e1ficos, etc).<\/li>\n<li style=\"text-align: justify;\">Quedar\u00e1 en todo caso prohibido, de acuerdo con la legislaci\u00f3n aplicable y vigente en cada momento, establecer frames o marcos de cualquier tipo que envuelvan al Portal o permitan la visualizaci\u00f3n de los Contenidos a trav\u00e9s de direcciones de Internet distintas a las del Portal y, en cualquier caso, cuando se visualicen conjuntamente con contenidos ajenos al Portal de forma que: (I) produzca, o pueda producir, error, confusi\u00f3n o enga\u00f1o en los usuarios sobre la verdadera procedencia del servicio o Contenidos; (II) suponga un acto de comparaci\u00f3n o imitaci\u00f3n desleal; (III) sirva para aprovechar la reputaci\u00f3n de la marca y prestigio de Escoem; o (IV) de cualquier otra forma resulte prohibido por la legislaci\u00f3n vigente.<\/li>\n<li style=\"text-align: justify;\">No se realizar\u00e1n desde la p\u00e1gina que introduce el enlace ning\u00fan tipo de manifestaci\u00f3n falsa, inexacta o incorrecta sobre Escoem, sus socios, empleados, clientes o sobre la calidad de los servicios que presta.<\/li>\n<li style=\"text-align: justify;\">En ning\u00fan caso, se expresar\u00e1 en la p\u00e1gina donde se ubique el enlace que Escoem ha prestado su consentimiento para la inserci\u00f3n del enlace o que de otra forma patrocina, colabora, verifica o supervisa los servicios del remitente.<\/li>\n<li style=\"text-align: justify;\">Est\u00e1 prohibida la utilizaci\u00f3n de cualquier marca denominativa, gr\u00e1fica o mixta o cualquier otro signo distintivo de Escoem dentro de la p\u00e1gina del remitente salvo en los casos permitidos por la ley o expresamente autorizados por Escoem y siempre que se permita, en estos casos, un enlace directo con el Portal en la forma establecida en esta cl\u00e1usula<\/li>\n<li style=\"text-align: justify;\">La p\u00e1gina que establezca el enlace deber\u00e1 cumplir fielmente con la ley y no podr\u00e1 en ning\u00fan caso disponer o enlazar con contenidos propios o de terceros que: (I) sean il\u00edcitos, nocivos o contrarios a la moral y a las buenas costumbres (pornogr\u00e1ficos, violentos, racistas, etc.); (II) induzcan o puedan inducir en el Usuario la falsa concepci\u00f3n de que Escoem suscribe, respalda, se adhiere o de cualquier manera apoya, las ideas, manifestaciones o expresiones, l\u00edcitas o il\u00edcitas, del remitente; (III) resulten inapropiados o no pertinentes con la actividad de Escoem en atenci\u00f3n al lugar, contenidos y tem\u00e1tica de la p\u00e1gina web del remitente.<\/li>\n<\/ol>\n<p style=\"text-align: justify;\"><span style=\"color: #003b52;\"><strong>6. Propiedad intelectual<\/strong><\/span><\/p>\n<p style=\"text-align: justify;\">Los derechos de propiedad intelectual de este Portal de Internet, su dise\u00f1o gr\u00e1fico y los c\u00f3digos que contiene son titularidad de Escoem, a no ser que se indique una titularidad diferente.\u00a0La reproducci\u00f3n, distribuci\u00f3n, comercializaci\u00f3n o transformaci\u00f3n no autorizadas de estas obras constituye una infracci\u00f3n de los derechos de propiedad intelectual de Escoem.\u00a0Igualmente, todas las marcas o signos distintivos de cualquier clase contenidos en el portal est\u00e1n protegidos por Ley.<\/p>\n<p style=\"text-align: justify;\">La utilizaci\u00f3n no autorizada de la informaci\u00f3n contenida en el Portal, as\u00ed como los perjuicios ocasionados en los derechos de propiedad intelectual e industrial de Escoem pueden dar lugar al ejercicio de las acciones que legalmente correspondan y, si procede, a las responsabilidades que de dicho ejercicio se deriven.<\/p>\n<p style=\"text-align: justify;\"><span style=\"color: #003b52;\"><strong>7. Legislaci\u00f3n<\/strong><\/span><\/p>\n<p style=\"text-align: justify;\">El presente Aviso Legal se rige en todos y cada uno de sus extremos por la ley espa\u00f1ola. Escoem y el usuario, con renuncia expresa a cualquier otro fuero, se someten al de los juzgados y tribunales de Granada, para cualquier controversia que pudiera derivarse del acceso a esta web.<\/p>\n<p style=\"text-align: justify;\"><span style=\"color: #003b52;\">\u00daltima modificaci\u00f3n: 1 de Enero de 2017<\/span><\/p>\n","protected":false},"excerpt":{"rendered":"<p>Aviso Legal 1. Informaci\u00f3n Legal y aceptaci\u00f3n Las presentes disposiciones regulan el uso del servicio del portal de Internet (en adelante, el &#8216;Portal&#8217;) que ESCOEM, S.L.P. (en adelante, Escoem) pone a disposici\u00f3n de los usuarios de Internet. Escoem, con domicilio<span class=\"excerpt-hellip\"> [\u2026]<\/span><\/p>\n","protected":false},"author":1,"featured_media":0,"parent":0,"menu_order":0,"comment_status":"closed","ping_status":"closed","template":"","meta":{"two_page_speed":[],"footnotes":""},"class_list":["post-4151","page","type-page","status-publish","hentry"],"aioseo_notices":[],"_links":{"self":[{"href":"https:\/\/escoem-web2.winecta.com\/es\/wp-json\/wp\/v2\/pages\/4151","targetHints":{"allow":["GET"]}}],"collection":[{"href":"https:\/\/escoem-web2.winecta.com\/es\/wp-json\/wp\/v2\/pages"}],"about":[{"href":"https:\/\/escoem-web2.winecta.com\/es\/wp-json\/wp\/v2\/types\/page"}],"author":[{"embeddable":true,"href":"https:\/\/escoem-web2.winecta.com\/es\/wp-json\/wp\/v2\/users\/1"}],"replies":[{"embeddable":true,"href":"https:\/\/escoem-web2.winecta.com\/es\/wp-json\/wp\/v2\/comments?post=4151"}],"version-history":[{"count":1,"href":"https:\/\/escoem-web2.winecta.com\/es\/wp-json\/wp\/v2\/pages\/4151\/revisions"}],"predecessor-version":[{"id":88117,"href":"https:\/\/escoem-web2.winecta.com\/es\/wp-json\/wp\/v2\/pages\/4151\/revisions\/88117"}],"wp:attachment":[{"href":"https:\/\/escoem-web2.winecta.com\/es\/wp-json\/wp\/v2\/media?parent=4151"}],"curies":[{"name":"wp","href":"https:\/\/api.w.org\/{rel}","templated":true}]}}